{"id":111,"date":"2022-08-13T09:30:22","date_gmt":"2022-08-13T07:30:22","guid":{"rendered":"http:\/\/localhost:8888\/clients\/cinematorium\/?page_id=111"},"modified":"2022-09-18T10:35:01","modified_gmt":"2022-09-18T08:35:01","slug":"accueil","status":"publish","type":"page","link":"https:\/\/www.delautrecote.fr\/cinematorium\/","title":{"rendered":"Accueil"},"content":{"rendered":"\n<p class=\"has-text-align-left has-medium-font-size\"><strong>L&rsquo;\u00cele du cin\u00e9matorium, quelle dr\u00f4le d&rsquo;id\u00e9e !<\/strong><br><strong>\u00ab Au d\u00e9part, j\u2019ai demand\u00e9 \u00e0 des volontaires d\u2019enregistrer des vid\u00e9os s\u2019adressant aux g\u00e9n\u00e9rations futures.<br>Ces capsules vid\u00e9o ne seront d\u00e9voil\u00e9es qu\u2019\u00e0 nos descendants en 2100.<br>En attendant, elles sont d\u00e9pos\u00e9es sur l\u2019\u00eele du Cin\u00e9matorium. Cet engin-spectacle vous invite \u00e0 un voyage autour d\u2019une \u00eele myst\u00e9rieuse\u2026&nbsp;\u00bb<\/strong><\/p>\n\n\n\n<div class=\"wp-block-buttons is-layout-flex wp-block-buttons-is-layout-flex\"><\/div>\n","protected":false},"excerpt":{"rendered":"<p>L&rsquo;\u00cele du cin\u00e9matorium, quelle dr\u00f4le d&rsquo;id\u00e9e !\u00ab Au d\u00e9part, j\u2019ai demand\u00e9 \u00e0 des volontaires d\u2019enregistrer des vid\u00e9os s\u2019adressant aux g\u00e9n\u00e9rations futures.Ces capsules vid\u00e9o ne seront d\u00e9voil\u00e9es qu\u2019\u00e0 nos descendants en 2100.En attendant, elles sont d\u00e9pos\u00e9es sur l\u2019\u00eele du Cin\u00e9matorium. Cet engin-spectacle vous&hellip;<\/p>\n","protected":false},"author":1,"featured_media":0,"parent":0,"menu_order":0,"comment_status":"closed","ping_status":"closed","template":"","meta":{"_acf_changed":false,"footnotes":""},"class_list":["post-111","page","type-page","status-publish","hentry"],"acf":[],"_links":{"self":[{"href":"https:\/\/www.delautrecote.fr\/cinematorium\/wp-json\/wp\/v2\/pages\/111","targetHints":{"allow":["GET"]}}],"collection":[{"href":"https:\/\/www.delautrecote.fr\/cinematorium\/wp-json\/wp\/v2\/pages"}],"about":[{"href":"https:\/\/www.delautrecote.fr\/cinematorium\/wp-json\/wp\/v2\/types\/page"}],"author":[{"embeddable":true,"href":"https:\/\/www.delautrecote.fr\/cinematorium\/wp-json\/wp\/v2\/users\/1"}],"replies":[{"embeddable":true,"href":"https:\/\/www.delautrecote.fr\/cinematorium\/wp-json\/wp\/v2\/comments?post=111"}],"version-history":[{"count":36,"href":"https:\/\/www.delautrecote.fr\/cinematorium\/wp-json\/wp\/v2\/pages\/111\/revisions"}],"predecessor-version":[{"id":625,"href":"https:\/\/www.delautrecote.fr\/cinematorium\/wp-json\/wp\/v2\/pages\/111\/revisions\/625"}],"wp:attachment":[{"href":"https:\/\/www.delautrecote.fr\/cinematorium\/wp-json\/wp\/v2\/media?parent=111"}],"curies":[{"name":"wp","href":"https:\/\/api.w.org\/{rel}","templated":true}]}}